{"id":12,"date":"2025-07-04T06:59:37","date_gmt":"2025-07-04T06:59:37","guid":{"rendered":"https:\/\/momafashionbuilder.com\/?page_id=12"},"modified":"2025-08-27T16:30:13","modified_gmt":"2025-08-27T16:30:13","slug":"sobre-moma","status":"publish","type":"page","link":"http:\/\/momafashionbuilder.com\/en\/sobre-moma\/","title":{"rendered":"Sobre Moma"},"content":{"rendered":"<div data-elementor-type=\"wp-page\" data-elementor-id=\"12\" class=\"elementor elementor-12\">\n\t\t\t\t<div class=\"elementor-element elementor-element-b99d8ba e-grid e-con-boxed e-con e-parent\" data-id=\"b99d8ba\" data-element_type=\"container\">\n\t\t\t\t\t<div class=\"e-con-inner\">\n\t\t\t\t<div class=\"elementor-element elementor-element-e9a9a2a elementor-widget__width-initial elementor-invisible elementor-widget elementor-widget-heading\" data-id=\"e9a9a2a\" data-element_type=\"widget\" data-settings=\"{&quot;_animation&quot;:&quot;fadeInLeft&quot;}\" data-widget_type=\"heading.default\">\n\t\t\t\t\t<h2 class=\"elementor-heading-title elementor-size-default translation-block\">HI\n<br> I'M <br>\nMOMA!<\/h2>\t\t\t\t<\/div>\n\t\t\t\t<div class=\"elementor-element elementor-element-8dd60f8 elementor-widget elementor-widget-spacer\" data-id=\"8dd60f8\" data-element_type=\"widget\" data-widget_type=\"spacer.default\">\n\t\t\t\t\t\t\t<div class=\"elementor-spacer\">\n\t\t\t<div class=\"elementor-spacer-inner\"><\/div>\n\t\t<\/div>\n\t\t\t\t\t\t<\/div>\n\t\t\t\t\t<\/div>\n\t\t\t\t<\/div>\n\t\t<div class=\"elementor-element elementor-element-5c45ab2 elementor-hidden-mobile e-flex e-con-boxed e-con e-parent\" data-id=\"5c45ab2\" data-element_type=\"container\">\n\t\t\t\t\t<div class=\"e-con-inner\">\n\t\t\t\t\t<\/div>\n\t\t\t\t<\/div>\n\t\t<div class=\"elementor-element elementor-element-7f9817fa e-flex e-con-boxed e-con e-parent\" data-id=\"7f9817fa\" data-element_type=\"container\">\n\t\t\t\t\t<div class=\"e-con-inner\">\n\t\t<div class=\"elementor-element elementor-element-7f47563 e-con-full elementor-hidden-mobile e-flex e-con e-child\" data-id=\"7f47563\" data-element_type=\"container\">\n\t\t\t\t<div class=\"elementor-element elementor-element-35dbad65 elementor-widget elementor-widget-image\" data-id=\"35dbad65\" data-element_type=\"widget\" data-widget_type=\"image.default\">\n\t\t\t\t\t\t\t\t\t\t\t\t\t\t\t<img fetchpriority=\"high\" decoding=\"async\" width=\"684\" height=\"1024\" src=\"https:\/\/momafashionbuilder.com\/wp-content\/uploads\/2025\/07\/DSC_9704-1-684x1024.jpg\" class=\"attachment-large size-large wp-image-434\" alt=\"\" srcset=\"https:\/\/momafashionbuilder.com\/wp-content\/uploads\/2025\/07\/DSC_9704-1-684x1024.jpg 684w, https:\/\/momafashionbuilder.com\/wp-content\/uploads\/2025\/07\/DSC_9704-1-600x899.jpg 600w, https:\/\/momafashionbuilder.com\/wp-content\/uploads\/2025\/07\/DSC_9704-1-200x300.jpg 200w, https:\/\/momafashionbuilder.com\/wp-content\/uploads\/2025\/07\/DSC_9704-1-768x1150.jpg 768w, https:\/\/momafashionbuilder.com\/wp-content\/uploads\/2025\/07\/DSC_9704-1-8x12.jpg 8w, https:\/\/momafashionbuilder.com\/wp-content\/uploads\/2025\/07\/DSC_9704-1.jpg 800w\" sizes=\"(max-width: 684px) 100vw, 684px\" \/>\t\t\t\t\t\t\t\t\t\t\t\t\t\t\t<\/div>\n\t\t\t\t<\/div>\n\t\t<div class=\"elementor-element elementor-element-12f203d7 e-con-full e-flex e-con e-child\" data-id=\"12f203d7\" data-element_type=\"container\">\n\t\t\t\t<div class=\"elementor-element elementor-element-4cdf578e elementor-widget elementor-widget-text-editor\" data-id=\"4cdf578e\" data-element_type=\"widget\" data-widget_type=\"text-editor.default\">\n\t\t\t\t\t\t\t\t\t<p>Hi, I\u2019m Moma.<\/p><p class=\"translation-block\">Fashion and Textile Designer, Creative Director, and Fashion Brand Mentor.<\/p>\t\t\t\t\t\t\t\t<\/div>\n\t\t\t\t<div class=\"elementor-element elementor-element-c781609 elementor-widget elementor-widget-text-editor\" data-id=\"c781609\" data-element_type=\"widget\" data-widget_type=\"text-editor.default\">\n\t\t\t\t\t\t\t\t\t<p class=\"p1 translation-block\">My love for fashion was born with me. I grew up surrounded by fabric rolls and catalogs: my family owned a well-known fabric store, and my father\u2014an importer\u2014worked with some of the country\u2019s biggest brands. From a very young age, I knew this was my world.<\/p>\t\t\t\t\t\t\t\t<\/div>\n\t\t\t\t<div class=\"elementor-element elementor-element-f5d272c elementor-widget elementor-widget-text-editor\" data-id=\"f5d272c\" data-element_type=\"widget\" data-widget_type=\"text-editor.default\">\n\t\t\t\t\t\t\t\t\t<p class=\"p1 translation-block\">In 2011, I began studying Fashion Design at the University of Palermo, and within a year I was already working in the industry. I spent four years at my family\u2019s import business, acting as the link between Argentine brands and international suppliers. There I learned about processes, timing, tech packs, and real management.<\/p>\t\t\t\t\t\t\t\t<\/div>\n\t\t\t\t<\/div>\n\t\t\t\t\t<\/div>\n\t\t\t\t<\/div>\n\t\t<div class=\"elementor-element elementor-element-4421aa90 e-flex e-con-boxed e-con e-parent\" data-id=\"4421aa90\" data-element_type=\"container\">\n\t\t\t\t\t<div class=\"e-con-inner\">\n\t\t<div class=\"elementor-element elementor-element-f8b0c38 e-con-full e-flex e-con e-child\" data-id=\"f8b0c38\" data-element_type=\"container\">\n\t\t\t\t<div class=\"elementor-element elementor-element-8682324 elementor-widget elementor-widget-image\" data-id=\"8682324\" data-element_type=\"widget\" data-widget_type=\"image.default\">\n\t\t\t\t\t\t\t\t\t\t\t\t\t\t\t<img decoding=\"async\" width=\"684\" height=\"1024\" src=\"https:\/\/momafashionbuilder.com\/wp-content\/uploads\/2025\/07\/Luli-Moma4038-684x1024.jpg\" class=\"attachment-large size-large wp-image-435\" alt=\"\" srcset=\"https:\/\/momafashionbuilder.com\/wp-content\/uploads\/2025\/07\/Luli-Moma4038-684x1024.jpg 684w, https:\/\/momafashionbuilder.com\/wp-content\/uploads\/2025\/07\/Luli-Moma4038-600x899.jpg 600w, https:\/\/momafashionbuilder.com\/wp-content\/uploads\/2025\/07\/Luli-Moma4038-200x300.jpg 200w, https:\/\/momafashionbuilder.com\/wp-content\/uploads\/2025\/07\/Luli-Moma4038-768x1150.jpg 768w, https:\/\/momafashionbuilder.com\/wp-content\/uploads\/2025\/07\/Luli-Moma4038-8x12.jpg 8w, https:\/\/momafashionbuilder.com\/wp-content\/uploads\/2025\/07\/Luli-Moma4038.jpg 800w\" sizes=\"(max-width: 684px) 100vw, 684px\" \/>\t\t\t\t\t\t\t\t\t\t\t\t\t\t\t<\/div>\n\t\t\t\t<\/div>\n\t\t<div class=\"elementor-element elementor-element-2e38acd7 e-con-full e-flex e-con e-child\" data-id=\"2e38acd7\" data-element_type=\"container\">\n\t\t\t\t<div class=\"elementor-element elementor-element-2af2f5ac elementor-widget elementor-widget-text-editor\" data-id=\"2af2f5ac\" data-element_type=\"widget\" data-widget_type=\"text-editor.default\">\n\t\t\t\t\t\t\t\t\t<p class=\"p1 translation-block\">When I graduated, I felt it was time to return to my true passion: design. I joined Ossira, where I experienced for the first time what it means to create a full collection from start to finish. We designed all the store\u2019s garments, developed campaigns, and worked hand in hand with the commercial and production teams. It was an incredible learning experience.<\/p>\t\t\t\t\t\t\t\t<\/div>\n\t\t\t\t<div class=\"elementor-element elementor-element-81af864 elementor-widget elementor-widget-text-editor\" data-id=\"81af864\" data-element_type=\"widget\" data-widget_type=\"text-editor.default\">\n\t\t\t\t\t\t\t\t\t<p class=\"p1 translation-block\">After that, my journey led me to new opportunities: Grisino, where I designed during the pandemic for a magical universe of dinosaurs and unicorns, and deepened my knowledge of prints. Later, at Little Akiabara, I had my first leadership role with a team under my direction. We took on a 360\u00b0 approach: strategy, design, line planning, campaigns, and more.<\/p>\t\t\t\t\t\t\t\t<\/div>\n\t\t\t\t<div class=\"elementor-element elementor-element-62c83ae elementor-widget elementor-widget-text-editor\" data-id=\"62c83ae\" data-element_type=\"widget\" data-widget_type=\"text-editor.default\">\n\t\t\t\t\t\t\t\t\t<p class=\"p1 translation-block\">Then came Akiabara, where I led the footwear and handbag collections\u2014returning to feminine design, which inspires me deeply.<\/p>\t\t\t\t\t\t\t\t<\/div>\n\t\t\t\t<\/div>\n\t\t\t\t\t<\/div>\n\t\t\t\t<\/div>\n\t\t<div class=\"elementor-element elementor-element-6551a679 e-flex e-con-boxed e-con e-parent\" data-id=\"6551a679\" data-element_type=\"container\">\n\t\t\t\t\t<div class=\"e-con-inner\">\n\t\t<div class=\"elementor-element elementor-element-750e1fb4 e-con-full e-flex e-con e-child\" data-id=\"750e1fb4\" data-element_type=\"container\">\n\t\t\t\t<div class=\"elementor-element elementor-element-5a97e116 elementor-widget elementor-widget-image\" data-id=\"5a97e116\" data-element_type=\"widget\" data-widget_type=\"image.default\">\n\t\t\t\t\t\t\t\t\t\t\t\t\t\t\t<img decoding=\"async\" width=\"683\" height=\"1024\" src=\"https:\/\/momafashionbuilder.com\/wp-content\/uploads\/2025\/07\/DSC_9802-683x1024.jpg\" class=\"attachment-large size-large wp-image-440\" alt=\"\" srcset=\"https:\/\/momafashionbuilder.com\/wp-content\/uploads\/2025\/07\/DSC_9802-683x1024.jpg 683w, https:\/\/momafashionbuilder.com\/wp-content\/uploads\/2025\/07\/DSC_9802-600x899.jpg 600w, https:\/\/momafashionbuilder.com\/wp-content\/uploads\/2025\/07\/DSC_9802-200x300.jpg 200w, https:\/\/momafashionbuilder.com\/wp-content\/uploads\/2025\/07\/DSC_9802-768x1151.jpg 768w, https:\/\/momafashionbuilder.com\/wp-content\/uploads\/2025\/07\/DSC_9802-8x12.jpg 8w, https:\/\/momafashionbuilder.com\/wp-content\/uploads\/2025\/07\/DSC_9802.jpg 800w\" sizes=\"(max-width: 683px) 100vw, 683px\" \/>\t\t\t\t\t\t\t\t\t\t\t\t\t\t\t<\/div>\n\t\t\t\t<\/div>\n\t\t<div class=\"elementor-element elementor-element-7c46de40 e-con-full e-flex e-con e-child\" data-id=\"7c46de40\" data-element_type=\"container\">\n\t\t\t\t<div class=\"elementor-element elementor-element-57487cc3 elementor-widget elementor-widget-text-editor\" data-id=\"57487cc3\" data-element_type=\"widget\" data-widget_type=\"text-editor.default\">\n\t\t\t\t\t\t\t\t\t<p class=\"p1 translation-block\">But I had always dreamed of building something of my own. In 2021, a marketing course lit the spark, and that\u2019s how my consulting business was born. By 2024, I decided to take the leap: I left my corporate role and went all in on my own project.<\/p>\t\t\t\t\t\t\t\t<\/div>\n\t\t\t\t<div class=\"elementor-element elementor-element-f266b76 elementor-widget elementor-widget-text-editor\" data-id=\"f266b76\" data-element_type=\"widget\" data-widget_type=\"text-editor.default\">\n\t\t\t\t\t\t\t\t\t<p class=\"p1\">Today, I guide brands\u2014whether emerging or established\u2014to build, structure, grow, and project themselves forward. I\u2019m passionate about helping transform ideas into brands with identity, strategy, and real vision.<\/p>\t\t\t\t\t\t\t\t<\/div>\n\t\t\t\t<div class=\"elementor-element elementor-element-c275bb5 elementor-widget elementor-widget-text-editor\" data-id=\"c275bb5\" data-element_type=\"widget\" data-widget_type=\"text-editor.default\">\n\t\t\t\t\t\t\t\t\t<p class=\"p1 translation-block\">I work with men\u2019s, women\u2019s, kids\u2019, and sportswear brands, and more. Each client is unique, and that\u2019s what fascinates me: the versatility, the challenges, the creativity.<\/p>\t\t\t\t\t\t\t\t<\/div>\n\t\t\t\t<\/div>\n\t\t\t\t\t<\/div>\n\t\t\t\t<\/div>\n\t\t<div class=\"elementor-element elementor-element-b3b87f8 e-flex e-con-boxed e-con e-parent\" data-id=\"b3b87f8\" data-element_type=\"container\" data-settings=\"{&quot;background_background&quot;:&quot;classic&quot;}\">\n\t\t\t\t\t<div class=\"e-con-inner\">\n\t\t\t\t<div class=\"elementor-element elementor-element-4d08b85 elementor-widget elementor-widget-spacer\" data-id=\"4d08b85\" data-element_type=\"widget\" data-widget_type=\"spacer.default\">\n\t\t\t\t\t\t\t<div class=\"elementor-spacer\">\n\t\t\t<div class=\"elementor-spacer-inner\"><\/div>\n\t\t<\/div>\n\t\t\t\t\t\t<\/div>\n\t\t<div class=\"elementor-element elementor-element-67b2e93 e-grid e-con-full e-con e-child\" data-id=\"67b2e93\" data-element_type=\"container\">\n\t\t\t\t<div class=\"elementor-element elementor-element-e703899 elementor-widget__width-initial elementor-invisible elementor-widget elementor-widget-heading\" data-id=\"e703899\" data-element_type=\"widget\" data-settings=\"{&quot;_animation&quot;:&quot;fadeInUp&quot;}\" data-widget_type=\"heading.default\">\n\t\t\t\t\t<h2 class=\"elementor-heading-title elementor-size-default\">Do you have a brand or a project in mind?<\/h2>\t\t\t\t<\/div>\n\t\t\t\t<\/div>\n\t\t\t\t<div class=\"elementor-element elementor-element-31fb5f4 elementor-widget__width-inherit elementor-widget elementor-widget-heading\" data-id=\"31fb5f4\" data-element_type=\"widget\" data-widget_type=\"heading.default\">\n\t\t\t\t\t<h2 class=\"elementor-heading-title elementor-size-default\">I\u2019m here to help you make it happen.\n\n<\/h2>\t\t\t\t<\/div>\n\t\t\t\t<div class=\"elementor-element elementor-element-e7ac5bb elementor-widget__width-inherit elementor-widget elementor-widget-heading\" data-id=\"e7ac5bb\" data-element_type=\"widget\" data-widget_type=\"heading.default\">\n\t\t\t\t\t<h2 class=\"elementor-heading-title elementor-size-default\">Let\u2019s team up and make your brand unique, consistent, and successful.\n<\/h2>\t\t\t\t<\/div>\n\t\t\t\t<div class=\"elementor-element elementor-element-dfaa573 elementor-widget elementor-widget-spacer\" data-id=\"dfaa573\" data-element_type=\"widget\" data-widget_type=\"spacer.default\">\n\t\t\t\t\t\t\t<div class=\"elementor-spacer\">\n\t\t\t<div class=\"elementor-spacer-inner\"><\/div>\n\t\t<\/div>\n\t\t\t\t\t\t<\/div>\n\t\t\t\t\t<\/div>\n\t\t\t\t<\/div>\n\t\t<div class=\"elementor-element elementor-element-a62d3ac e-flex e-con-boxed e-con e-parent\" data-id=\"a62d3ac\" data-element_type=\"container\">\n\t\t\t\t\t<div class=\"e-con-inner\">\n\t\t\t\t<div class=\"elementor-element elementor-element-cb6c0be elementor-widget__width-initial elementor-widget-mobile__width-inherit elementor-widget elementor-widget-shortcode\" data-id=\"cb6c0be\" data-element_type=\"widget\" data-widget_type=\"shortcode.default\">\n\t\t\t\t\t\t\t<div class=\"elementor-shortcode\">\n<div class=\"wpcf7 no-js\" id=\"wpcf7-f227-o1\" lang=\"es-ES\" dir=\"ltr\" data-wpcf7-id=\"227\">\n<div class=\"screen-reader-response\"><p role=\"status\" aria-live=\"polite\" aria-atomic=\"true\"><\/p> <ul><\/ul><\/div>\n<form action=\"\/en\/wp-json\/wp\/v2\/pages\/12#wpcf7-f227-o1\" method=\"post\" class=\"wpcf7-form init\" aria-label=\"Formulario de contacto\" novalidate=\"novalidate\" data-status=\"init\" data-trp-original-action=\"\/en\/wp-json\/wp\/v2\/pages\/12#wpcf7-f227-o1\">\n<fieldset class=\"hidden-fields-container\"><input type=\"hidden\" name=\"_wpcf7\" value=\"227\" \/><input type=\"hidden\" name=\"_wpcf7_version\" value=\"6.1\" \/><input type=\"hidden\" name=\"_wpcf7_locale\" value=\"es_ES\" \/><input type=\"hidden\" name=\"_wpcf7_unit_tag\" value=\"wpcf7-f227-o1\" \/><input type=\"hidden\" name=\"_wpcf7_container_post\" value=\"0\" \/><input type=\"hidden\" name=\"_wpcf7_posted_data_hash\" value=\"\" \/>\n<\/fieldset>\n<p><label>Your Name<br \/>\n<span class=\"wpcf7-form-control-wrap\" data-name=\"your-name\"><input size=\"40\" maxlength=\"400\" class=\"wpcf7-form-control wpcf7-text wpcf7-validates-as-required\" autocomplete=\"name\" aria-required=\"true\" aria-invalid=\"false\" value=\"\" type=\"text\" name=\"your-name\" \/><\/span><br \/>\n<\/label>\n<\/p>\n<p><label>Your Email<br \/>\n<span class=\"wpcf7-form-control-wrap\" data-name=\"your-email\"><input size=\"40\" maxlength=\"400\" class=\"wpcf7-form-control wpcf7-email wpcf7-validates-as-required wpcf7-text wpcf7-validates-as-email\" autocomplete=\"email\" aria-required=\"true\" aria-invalid=\"false\" value=\"\" type=\"email\" name=\"your-email\" \/><\/span><br \/>\n<\/label>\n<\/p>\n<p><label>Your Instagram or Web<br \/>\n<span class=\"wpcf7-form-control-wrap\" data-name=\"text-976\"><input size=\"40\" maxlength=\"400\" class=\"wpcf7-form-control wpcf7-text\" aria-invalid=\"false\" value=\"\" type=\"text\" name=\"text-976\" \/><\/span><br \/>\n<\/label>\n<\/p>\n<p>What stage is your brand in?\n<\/p>\n<p><span class=\"wpcf7-form-control-wrap\" data-name=\"select-107\"><select class=\"wpcf7-form-control wpcf7-select wpcf7-validates-as-required\" aria-required=\"true\" aria-invalid=\"false\" name=\"select-107\"><option value=\"Estoy empezando\">I'm starting<\/option><option value=\"Ya tengo mi marca activa\">I already have an active brand<\/option><option value=\"Quiero relanzarla o profesionalizarla\">I want to relaunch or professionalize it<\/option><\/select><\/span>\n<\/p>\n<p>What kind of support are you looking for?\n<\/p>\n<p><span class=\"wpcf7-form-control-wrap\" data-name=\"checkbox-40\"><span class=\"wpcf7-form-control wpcf7-checkbox wpcf7-validates-as-required\"><span class=\"wpcf7-list-item first\"><label><input type=\"checkbox\" name=\"checkbox-40[]\" value=\"Asesor\u00eda completa (3 Meses de trabajo)\" \/><span class=\"wpcf7-list-item-label\">Complete consultancy (3 months of work)<\/span><\/label><\/span><span class=\"wpcf7-list-item\"><label><input type=\"checkbox\" name=\"checkbox-40[]\" value=\"Asesor\u00eda express (charla puntual de 2h)\" \/><span class=\"wpcf7-list-item-label\">Express advice (one-off 2-hour talk)<\/span><\/label><\/span><span class=\"wpcf7-list-item\"><label><input type=\"checkbox\" name=\"checkbox-40[]\" value=\"Dise\u00f1o y armado de colecci\u00f3n\" \/><span class=\"wpcf7-list-item-label\">Design and assembly of collection<\/span><\/label><\/span><span class=\"wpcf7-list-item\"><label><input type=\"checkbox\" name=\"checkbox-40[]\" value=\"Branding \/ Manual de marca\" \/><span class=\"wpcf7-list-item-label\">Brand manual<\/span><\/label><\/span><span class=\"wpcf7-list-item\"><label><input type=\"checkbox\" name=\"checkbox-40[]\" value=\"Producci\u00f3n\/importaci\u00f3n\" \/><span class=\"wpcf7-list-item-label\">Production\/import<\/span><\/label><\/span><span class=\"wpcf7-list-item last\"><label><input type=\"checkbox\" name=\"checkbox-40[]\" value=\"Otro (explic\u00e1 abajo)\" \/><span class=\"wpcf7-list-item-label\">Other (explain below)<\/span><\/label><\/span><\/span><\/span>\n<\/p>\n<p><label>Tell me briefly about your brand or what you need<br \/>\n<span class=\"wpcf7-form-control-wrap\" data-name=\"your-subject\"><input size=\"40\" maxlength=\"400\" class=\"wpcf7-form-control wpcf7-text wpcf7-validates-as-required\" aria-required=\"true\" aria-invalid=\"false\" value=\"\" type=\"text\" name=\"your-subject\" \/><\/span><br \/>\n<\/label>\n<\/p>\n<p><label>How did you find me?<br \/>\n<span class=\"wpcf7-form-control-wrap\" data-name=\"your-message\"><textarea cols=\"40\" rows=\"10\" maxlength=\"2000\" class=\"wpcf7-form-control wpcf7-textarea wpcf7-validates-as-required\" aria-required=\"true\" aria-invalid=\"false\" name=\"your-message\"><\/textarea><\/span><br \/>\n<\/label>\n<\/p>\n<p><input class=\"wpcf7-form-control wpcf7-submit has-spinner\" type=\"submit\" value=\"Send\" \/>\n<\/p><div class=\"wpcf7-response-output\" aria-hidden=\"true\"><\/div>\n<input type=\"hidden\" name=\"trp-form-language\" value=\"en\"\/><\/form>\n<\/div>\n<\/div>\n\t\t\t\t\t\t<\/div>\n\t\t\t\t\t<\/div>\n\t\t\t\t<\/div>\n\t\t<div class=\"elementor-element elementor-element-d48a50d e-flex e-con-boxed e-con e-parent\" data-id=\"d48a50d\" data-element_type=\"container\">\n\t\t\t\t\t<div class=\"e-con-inner\">\n\t\t<div class=\"elementor-element elementor-element-3bb4004f e-con-full e-flex e-con e-child\" data-id=\"3bb4004f\" data-element_type=\"container\">\n\t\t\t\t<div class=\"elementor-element elementor-element-5dbf443e elementor-widget elementor-widget-image\" data-id=\"5dbf443e\" data-element_type=\"widget\" data-widget_type=\"image.default\">\n\t\t\t\t\t\t\t\t\t\t\t\t\t\t\t\t<a href=\"https:\/\/momafashionbuilder.com\/en\/\">\n\t\t\t\t\t\t\t<img loading=\"lazy\" decoding=\"async\" width=\"300\" height=\"300\" src=\"https:\/\/momafashionbuilder.com\/wp-content\/uploads\/2025\/07\/Favicom-moma.png\" class=\"attachment-medium_large size-medium_large wp-image-68\" alt=\"\" srcset=\"https:\/\/momafashionbuilder.com\/wp-content\/uploads\/2025\/07\/Favicom-moma.png 300w, https:\/\/momafashionbuilder.com\/wp-content\/uploads\/2025\/07\/Favicom-moma-100x100.png 100w, https:\/\/momafashionbuilder.com\/wp-content\/uploads\/2025\/07\/Favicom-moma-150x150.png 150w\" sizes=\"(max-width: 300px) 100vw, 300px\" \/>\t\t\t\t\t\t\t\t<\/a>\n\t\t\t\t\t\t\t\t\t\t\t\t\t\t\t<\/div>\n\t\t\t\t<\/div>\n\t\t<div class=\"elementor-element elementor-element-2881519f e-con-full e-flex e-con e-child\" data-id=\"2881519f\" data-element_type=\"container\">\n\t\t\t\t<div class=\"elementor-element elementor-element-63fd94b0 elementor-shape-circle e-grid-align-left elementor-grid-0 elementor-widget elementor-widget-social-icons\" data-id=\"63fd94b0\" data-element_type=\"widget\" data-widget_type=\"social-icons.default\">\n\t\t\t\t\t\t\t<div class=\"elementor-social-icons-wrapper elementor-grid\" role=\"list\">\n\t\t\t\t\t\t\t<span class=\"elementor-grid-item\" role=\"listitem\">\n\t\t\t\t\t<a class=\"elementor-icon elementor-social-icon elementor-social-icon-instagram elementor-repeater-item-5ff6da9\" href=\"https:\/\/www.instagram.com\/momafashionbuilder\/\" target=\"_blank\">\n\t\t\t\t\t\t<span class=\"elementor-screen-only\">https:\/\/www.instagram.com\/momafashionbuilder\/<\/span>\n\t\t\t\t\t\t<svg class=\"e-font-icon-svg e-fab-instagram\" viewbox=\"0 0 448 512\" xmlns=\"http:\/\/www.w3.org\/2000\/svg\"><path d=\"M224.1 141c-63.6 0-114.9 51.3-114.9 114.9s51.3 114.9 114.9 114.9S339 319.5 339 255.9 287.7 141 224.1 141zm0 189.6c-41.1 0-74.7-33.5-74.7-74.7s33.5-74.7 74.7-74.7 74.7 33.5 74.7 74.7-33.6 74.7-74.7 74.7zm146.4-194.3c0 14.9-12 26.8-26.8 26.8-14.9 0-26.8-12-26.8-26.8s12-26.8 26.8-26.8 26.8 12 26.8 26.8zm76.1 27.2c-1.7-35.9-9.9-67.7-36.2-93.9-26.2-26.2-58-34.4-93.9-36.2-37-2.1-147.9-2.1-184.9 0-35.8 1.7-67.6 9.9-93.9 36.1s-34.4 58-36.2 93.9c-2.1 37-2.1 147.9 0 184.9 1.7 35.9 9.9 67.7 36.2 93.9s58 34.4 93.9 36.2c37 2.1 147.9 2.1 184.9 0 35.9-1.7 67.7-9.9 93.9-36.2 26.2-26.2 34.4-58 36.2-93.9 2.1-37 2.1-147.8 0-184.8zM398.8 388c-7.8 19.6-22.9 34.7-42.6 42.6-29.5 11.7-99.5 9-132.1 9s-102.7 2.6-132.1-9c-19.6-7.8-34.7-22.9-42.6-42.6-11.7-29.5-9-99.5-9-132.1s-2.6-102.7 9-132.1c7.8-19.6 22.9-34.7 42.6-42.6 29.5-11.7 99.5-9 132.1-9s102.7-2.6 132.1 9c19.6 7.8 34.7 22.9 42.6 42.6 11.7 29.5 9 99.5 9 132.1s2.7 102.7-9 132.1z\"><\/path><\/svg>\t\t\t\t\t<\/a>\n\t\t\t\t<\/span>\n\t\t\t\t\t\t\t<span class=\"elementor-grid-item\" role=\"listitem\">\n\t\t\t\t\t<a class=\"elementor-icon elementor-social-icon elementor-social-icon-envelope elementor-repeater-item-ecfcc75\" href=\"mailto:info@momafashionbuilder.com\" target=\"_blank\">\n\t\t\t\t\t\t<span class=\"elementor-screen-only\">mailto:info@momafashionbuilder.com<\/span>\n\t\t\t\t\t\t<svg class=\"e-font-icon-svg e-fas-envelope\" viewbox=\"0 0 512 512\" xmlns=\"http:\/\/www.w3.org\/2000\/svg\"><path d=\"M502.3 190.8c3.9-3.1 9.7-.2 9.7 4.7V400c0 26.5-21.5 48-48 48H48c-26.5 0-48-21.5-48-48V195.6c0-5 5.7-7.8 9.7-4.7 22.4 17.4 52.1 39.5 154.1 113.6 21.1 15.4 56.7 47.8 92.2 47.6 35.7.3 72-32.8 92.3-47.6 102-74.1 131.6-96.3 154-113.7zM256 320c23.2.4 56.6-29.2 73.4-41.4 132.7-96.3 142.8-104.7 173.4-128.7 5.8-4.5 9.2-11.5 9.2-18.9v-19c0-26.5-21.5-48-48-48H48C21.5 64 0 85.5 0 112v19c0 7.4 3.4 14.3 9.2 18.9 30.6 23.9 40.7 32.4 173.4 128.7 16.8 12.2 50.2 41.8 73.4 41.4z\"><\/path><\/svg>\t\t\t\t\t<\/a>\n\t\t\t\t<\/span>\n\t\t\t\t\t\t\t<span class=\"elementor-grid-item\" role=\"listitem\">\n\t\t\t\t\t<a class=\"elementor-icon elementor-social-icon elementor-social-icon-whatsapp elementor-repeater-item-cbc72a8\" href=\"https:\/\/wa.link\/usx49b\" target=\"_blank\">\n\t\t\t\t\t\t<span class=\"elementor-screen-only\">https:\/\/wa.link\/usx49b<\/span>\n\t\t\t\t\t\t<svg class=\"e-font-icon-svg e-fab-whatsapp\" viewbox=\"0 0 448 512\" xmlns=\"http:\/\/www.w3.org\/2000\/svg\"><path d=\"M380.9 97.1C339 55.1 283.2 32 223.9 32c-122.4 0-222 99.6-222 222 0 39.1 10.2 77.3 29.6 111L0 480l117.7-30.9c32.4 17.7 68.9 27 106.1 27h.1c122.3 0 224.1-99.6 224.1-222 0-59.3-25.2-115-67.1-157zm-157 341.6c-33.2 0-65.7-8.9-94-25.7l-6.7-4-69.8 18.3L72 359.2l-4.4-7c-18.5-29.4-28.2-63.3-28.2-98.2 0-101.7 82.8-184.5 184.6-184.5 49.3 0 95.6 19.2 130.4 54.1 34.8 34.9 56.2 81.2 56.1 130.5 0 101.8-84.9 184.6-186.6 184.6zm101.2-138.2c-5.5-2.8-32.8-16.2-37.9-18-5.1-1.9-8.8-2.8-12.5 2.8-3.7 5.6-14.3 18-17.6 21.8-3.2 3.7-6.5 4.2-12 1.4-32.6-16.3-54-29.1-75.5-66-5.7-9.8 5.7-9.1 16.3-30.3 1.8-3.7.9-6.9-.5-9.7-1.4-2.8-12.5-30.1-17.1-41.2-4.5-10.8-9.1-9.3-12.5-9.5-3.2-.2-6.9-.2-10.6-.2-3.7 0-9.7 1.4-14.8 6.9-5.1 5.6-19.4 19-19.4 46.3 0 27.3 19.9 53.7 22.6 57.4 2.8 3.7 39.1 59.7 94.8 83.8 35.2 15.2 49 16.5 66.6 13.9 10.7-1.6 32.8-13.4 37.4-26.4 4.6-13 4.6-24.1 3.2-26.4-1.3-2.5-5-3.9-10.5-6.6z\"><\/path><\/svg>\t\t\t\t\t<\/a>\n\t\t\t\t<\/span>\n\t\t\t\t\t<\/div>\n\t\t\t\t\t\t<\/div>\n\t\t\t\t<\/div>\n\t\t\t\t\t<\/div>\n\t\t\t\t<\/div>\n\t\t\t\t<\/div>","protected":false},"excerpt":{"rendered":"<p>HOLA, SOY MOMA! Hola, soy Moma. Dise\u00f1adora de Indumentaria y Textil, DirectoraCreativa y Mentora de Marcas de Moda. Mi amor por la moda naci\u00f3 conmigo. Crec\u00ed entre rollosde telas y cat\u00e1logos: mi familia ten\u00eda una reconocidaseder\u00eda, y mi pap\u00e1 \u2014importador\u2014 trabajaba congrandes marcas del pa\u00eds. Desde chica supe que estoera lo m\u00edo. En 2011 empec\u00e9 [&hellip;]<\/p>","protected":false},"author":2,"featured_media":0,"parent":0,"menu_order":0,"comment_status":"closed","ping_status":"closed","template":"","meta":{"footnotes":""},"class_list":["post-12","page","type-page","status-publish","hentry"],"_links":{"self":[{"href":"http:\/\/momafashionbuilder.com\/en\/wp-json\/wp\/v2\/pages\/12","targetHints":{"allow":["GET"]}}],"collection":[{"href":"http:\/\/momafashionbuilder.com\/en\/wp-json\/wp\/v2\/pages"}],"about":[{"href":"http:\/\/momafashionbuilder.com\/en\/wp-json\/wp\/v2\/types\/page"}],"author":[{"embeddable":true,"href":"http:\/\/momafashionbuilder.com\/en\/wp-json\/wp\/v2\/users\/2"}],"replies":[{"embeddable":true,"href":"http:\/\/momafashionbuilder.com\/en\/wp-json\/wp\/v2\/comments?post=12"}],"version-history":[{"count":104,"href":"http:\/\/momafashionbuilder.com\/en\/wp-json\/wp\/v2\/pages\/12\/revisions"}],"predecessor-version":[{"id":965,"href":"http:\/\/momafashionbuilder.com\/en\/wp-json\/wp\/v2\/pages\/12\/revisions\/965"}],"wp:attachment":[{"href":"http:\/\/momafashionbuilder.com\/en\/wp-json\/wp\/v2\/media?parent=12"}],"curies":[{"name":"wp","href":"https:\/\/api.w.org\/{rel}","templated":true}]}}