{"id":276,"date":"2025-07-17T06:52:09","date_gmt":"2025-07-17T06:52:09","guid":{"rendered":"https:\/\/momafashionbuilder.com\/?page_id=276"},"modified":"2025-08-27T16:46:21","modified_gmt":"2025-08-27T16:46:21","slug":"importacion","status":"publish","type":"page","link":"http:\/\/momafashionbuilder.com\/en\/importacion\/","title":{"rendered":"IMPORTING SERVICES"},"content":{"rendered":"<div data-elementor-type=\"wp-page\" data-elementor-id=\"276\" class=\"elementor elementor-276\">\n\t\t\t\t<div class=\"elementor-element elementor-element-f9e5b6f e-flex e-con-boxed e-con e-parent\" data-id=\"f9e5b6f\" data-element_type=\"container\">\n\t\t\t\t\t<div class=\"e-con-inner\">\n\t\t<div class=\"elementor-element elementor-element-d3473b3 e-con-full e-flex e-con e-child\" data-id=\"d3473b3\" data-element_type=\"container\">\n\t\t\t\t<div class=\"elementor-element elementor-element-0c5d764 elementor-widget elementor-widget-image\" data-id=\"0c5d764\" data-element_type=\"widget\" data-widget_type=\"image.default\">\n\t\t\t\t\t\t\t\t\t\t\t\t\t\t\t<img fetchpriority=\"high\" decoding=\"async\" width=\"800\" height=\"1198\" src=\"https:\/\/momafashionbuilder.com\/wp-content\/uploads\/2025\/07\/servicio-5-1.jpg\" class=\"attachment-full size-full wp-image-182\" alt=\"\" srcset=\"https:\/\/momafashionbuilder.com\/wp-content\/uploads\/2025\/07\/servicio-5-1.jpg 800w, https:\/\/momafashionbuilder.com\/wp-content\/uploads\/2025\/07\/servicio-5-1-600x899.jpg 600w, https:\/\/momafashionbuilder.com\/wp-content\/uploads\/2025\/07\/servicio-5-1-200x300.jpg 200w, https:\/\/momafashionbuilder.com\/wp-content\/uploads\/2025\/07\/servicio-5-1-684x1024.jpg 684w, https:\/\/momafashionbuilder.com\/wp-content\/uploads\/2025\/07\/servicio-5-1-768x1150.jpg 768w, https:\/\/momafashionbuilder.com\/wp-content\/uploads\/2025\/07\/servicio-5-1-8x12.jpg 8w\" sizes=\"(max-width: 800px) 100vw, 800px\" \/>\t\t\t\t\t\t\t\t\t\t\t\t\t\t\t<\/div>\n\t\t\t\t<\/div>\n\t\t<div class=\"elementor-element elementor-element-16e08d9 e-con-full e-flex e-con e-child\" data-id=\"16e08d9\" data-element_type=\"container\">\n\t\t\t\t<div class=\"elementor-element elementor-element-ec1ec7e elementor-invisible elementor-widget elementor-widget-heading\" data-id=\"ec1ec7e\" data-element_type=\"widget\" data-settings=\"{&quot;_animation&quot;:&quot;fadeInRight&quot;}\" data-widget_type=\"heading.default\">\n\t\t\t\t\t<h2 class=\"elementor-heading-title elementor-size-default\">IMPORTING SERVICES<\/h2>\t\t\t\t<\/div>\n\t\t\t\t<div class=\"elementor-element elementor-element-ecd9189 elementor-widget elementor-widget-text-editor\" data-id=\"ecd9189\" data-element_type=\"widget\" data-widget_type=\"text-editor.default\">\n\t\t\t\t\t\t\t\t\t<p class=\"p1\">Want to produce your collection abroad but don\u2019t know where to start? Do you have an idea or product but don\u2019t want to manage the entire process?\nThis service is ideal for brands and entrepreneurs who want to manufacture overseas without handling the complexity of importing.\nMy team has been importing since 1998. With solid experience and trusted suppliers in China, India, Bangladesh, and Peru, we manage everything end-to-end. We can also work with your supplier or help you find one suitable for your products.<\/p>\t\t\t\t\t\t\t\t<\/div>\n\t\t\t\t<div class=\"elementor-element elementor-element-484d3f6 elementor-widget elementor-widget-heading\" data-id=\"484d3f6\" data-element_type=\"widget\" data-widget_type=\"heading.default\">\n\t\t\t\t\t<h2 class=\"elementor-heading-title elementor-size-default\">You just tell us what you want to produce. We make it happen.<\/h2>\t\t\t\t<\/div>\n\t\t\t\t<\/div>\n\t\t\t\t\t<\/div>\n\t\t\t\t<\/div>\n\t\t<div class=\"elementor-element elementor-element-8040fb7 e-flex e-con-boxed e-con e-parent\" data-id=\"8040fb7\" data-element_type=\"container\">\n\t\t\t\t\t<div class=\"e-con-inner\">\n\t\t<div class=\"elementor-element elementor-element-0ca3394 e-con-full e-flex e-con e-child\" data-id=\"0ca3394\" data-element_type=\"container\">\n\t\t\t\t<div class=\"elementor-element elementor-element-0d59550 elementor-widget elementor-widget-image\" data-id=\"0d59550\" data-element_type=\"widget\" data-widget_type=\"image.default\">\n\t\t\t\t\t\t\t\t\t\t\t\t\t\t\t<img decoding=\"async\" width=\"683\" height=\"1024\" src=\"https:\/\/momafashionbuilder.com\/wp-content\/uploads\/2025\/07\/DSC_0008-byn-683x1024.jpg\" class=\"attachment-large size-large wp-image-398\" alt=\"\" srcset=\"https:\/\/momafashionbuilder.com\/wp-content\/uploads\/2025\/07\/DSC_0008-byn-683x1024.jpg 683w, https:\/\/momafashionbuilder.com\/wp-content\/uploads\/2025\/07\/DSC_0008-byn-600x899.jpg 600w, https:\/\/momafashionbuilder.com\/wp-content\/uploads\/2025\/07\/DSC_0008-byn-200x300.jpg 200w, https:\/\/momafashionbuilder.com\/wp-content\/uploads\/2025\/07\/DSC_0008-byn-768x1151.jpg 768w, https:\/\/momafashionbuilder.com\/wp-content\/uploads\/2025\/07\/DSC_0008-byn-8x12.jpg 8w, https:\/\/momafashionbuilder.com\/wp-content\/uploads\/2025\/07\/DSC_0008-byn.jpg 800w\" sizes=\"(max-width: 683px) 100vw, 683px\" \/>\t\t\t\t\t\t\t\t\t\t\t\t\t\t\t<\/div>\n\t\t\t\t<\/div>\n\t\t<div class=\"elementor-element elementor-element-f05141e e-con-full e-flex e-con e-child\" data-id=\"f05141e\" data-element_type=\"container\">\n\t\t\t\t<div class=\"elementor-element elementor-element-c7aa287 elementor-widget__width-initial elementor-invisible elementor-widget elementor-widget-heading\" data-id=\"c7aa287\" data-element_type=\"widget\" data-settings=\"{&quot;_animation&quot;:&quot;fadeInLeft&quot;}\" data-widget_type=\"heading.default\">\n\t\t\t\t\t<h2 class=\"elementor-heading-title elementor-size-default translation-block\">What <br> we do?<\/h2>\t\t\t\t<\/div>\n\t\t\t\t<div class=\"elementor-element elementor-element-3f40e12 elementor-widget elementor-widget-heading\" data-id=\"3f40e12\" data-element_type=\"widget\" data-widget_type=\"heading.default\">\n\t\t\t\t\t<h2 class=\"elementor-heading-title elementor-size-default\">WE HANDLE EVERYTHING<\/h2>\t\t\t\t<\/div>\n\t\t\t\t<div class=\"elementor-element elementor-element-3646aa3 elementor-widget elementor-widget-text-editor\" data-id=\"3646aa3\" data-element_type=\"widget\" data-widget_type=\"text-editor.default\">\n\t\t\t\t\t\t\t\t\t<ul><li class=\"p1\">Supplier sourcing and management abroad<\/li><li class=\"p1\">Product development<\/li><li class=\"p1\">Tech pack creation<\/li><li class=\"p1\">Production follow-up and quality checks<\/li><li class=\"p1\">International logistics coordination<\/li><li class=\"p1\">Documentation preparation<\/li><li class=\"p1\">Door-to-door import to Argentina<\/li><li class=\"p1\">We work with some of the country's most important brands on import processes, supporting them from the initial idea to the product in hand.<\/li><\/ul>\t\t\t\t\t\t\t\t<\/div>\n\t\t\t\t<\/div>\n\t\t\t\t\t<\/div>\n\t\t\t\t<\/div>\n\t\t<div class=\"elementor-element elementor-element-63b7d98 e-flex e-con-boxed e-con e-parent\" data-id=\"63b7d98\" data-element_type=\"container\">\n\t\t\t\t\t<div class=\"e-con-inner\">\n\t\t\t\t<div class=\"elementor-element elementor-element-813c2de elementor-widget elementor-widget-spacer\" data-id=\"813c2de\" data-element_type=\"widget\" data-widget_type=\"spacer.default\">\n\t\t\t\t\t\t\t<div class=\"elementor-spacer\">\n\t\t\t<div class=\"elementor-spacer-inner\"><\/div>\n\t\t<\/div>\n\t\t\t\t\t\t<\/div>\n\t\t\t\t<div class=\"elementor-element elementor-element-9200467 elementor-widget elementor-widget-heading\" data-id=\"9200467\" data-element_type=\"widget\" data-widget_type=\"heading.default\">\n\t\t\t\t\t<h2 class=\"elementor-heading-title elementor-size-default\">Estimated timeline: around 6 months depending on product and logistics.<\/h2>\t\t\t\t<\/div>\n\t\t\t\t<div class=\"elementor-element elementor-element-70babee elementor-widget elementor-widget-heading\" data-id=\"70babee\" data-element_type=\"widget\" data-widget_type=\"heading.default\">\n\t\t\t\t\t<h2 class=\"elementor-heading-title elementor-size-default\">You tell us what you want to produce\u2014we make it happen.<\/h2>\t\t\t\t<\/div>\n\t\t\t\t<div class=\"elementor-element elementor-element-70ea05d elementor-widget elementor-widget-spacer\" data-id=\"70ea05d\" data-element_type=\"widget\" data-widget_type=\"spacer.default\">\n\t\t\t\t\t\t\t<div class=\"elementor-spacer\">\n\t\t\t<div class=\"elementor-spacer-inner\"><\/div>\n\t\t<\/div>\n\t\t\t\t\t\t<\/div>\n\t\t\t\t<div class=\"elementor-element elementor-element-87f6701 elementor-invisible elementor-widget elementor-widget-heading\" data-id=\"87f6701\" data-element_type=\"widget\" data-settings=\"{&quot;_animation&quot;:&quot;fadeInUp&quot;}\" data-widget_type=\"heading.default\">\n\t\t\t\t\t<h2 class=\"elementor-heading-title elementor-size-default\">Write to me and we'll schedule a call to get to know each other.<\/h2>\t\t\t\t<\/div>\n\t\t\t\t\t<\/div>\n\t\t\t\t<\/div>\n\t\t<div class=\"elementor-element elementor-element-8bb353f e-flex e-con-boxed e-con e-parent\" data-id=\"8bb353f\" data-element_type=\"container\">\n\t\t\t\t\t<div class=\"e-con-inner\">\n\t\t\t\t<div class=\"elementor-element elementor-element-609f1bd elementor-widget elementor-widget-shortcode\" data-id=\"609f1bd\" data-element_type=\"widget\" data-widget_type=\"shortcode.default\">\n\t\t\t\t\t\t\t<div class=\"elementor-shortcode\">\n<div class=\"wpcf7 no-js\" id=\"wpcf7-f609-o1\" lang=\"es-ES\" dir=\"ltr\" data-wpcf7-id=\"609\">\n<div class=\"screen-reader-response\"><p role=\"status\" aria-live=\"polite\" aria-atomic=\"true\"><\/p> <ul><\/ul><\/div>\n<form action=\"\/en\/wp-json\/wp\/v2\/pages\/276#wpcf7-f609-o1\" method=\"post\" class=\"wpcf7-form init\" aria-label=\"Formulario de contacto\" novalidate=\"novalidate\" data-status=\"init\" data-trp-original-action=\"\/en\/wp-json\/wp\/v2\/pages\/276#wpcf7-f609-o1\">\n<fieldset class=\"hidden-fields-container\"><input type=\"hidden\" name=\"_wpcf7\" value=\"609\" \/><input type=\"hidden\" name=\"_wpcf7_version\" value=\"6.1\" \/><input type=\"hidden\" name=\"_wpcf7_locale\" value=\"es_ES\" \/><input type=\"hidden\" name=\"_wpcf7_unit_tag\" value=\"wpcf7-f609-o1\" \/><input type=\"hidden\" name=\"_wpcf7_container_post\" value=\"0\" \/><input type=\"hidden\" name=\"_wpcf7_posted_data_hash\" value=\"\" \/>\n<\/fieldset>\n<p><label> Your Name<br \/>\n<span class=\"wpcf7-form-control-wrap\" data-name=\"your-name\"><input size=\"40\" maxlength=\"400\" class=\"wpcf7-form-control wpcf7-text wpcf7-validates-as-required\" autocomplete=\"name\" aria-required=\"true\" aria-invalid=\"false\" value=\"\" type=\"text\" name=\"your-name\" \/><\/span><br \/>\n<\/label>\n<\/p>\n<p><label> Your Email<br \/>\n<span class=\"wpcf7-form-control-wrap\" data-name=\"your-email\"><input size=\"40\" maxlength=\"400\" class=\"wpcf7-form-control wpcf7-email wpcf7-validates-as-required wpcf7-text wpcf7-validates-as-email\" autocomplete=\"email\" aria-required=\"true\" aria-invalid=\"false\" value=\"\" type=\"email\" name=\"your-email\" \/><\/span><br \/>\n<\/label>\n<\/p>\n<p><label> Your brand name \/ Instagram \/ Website (if you have one)<br \/>\n<span class=\"wpcf7-form-control-wrap\" data-name=\"marca-ig-web\"><input size=\"40\" maxlength=\"400\" class=\"wpcf7-form-control wpcf7-text wpcf7-validates-as-required\" aria-required=\"true\" aria-invalid=\"false\" value=\"\" type=\"text\" name=\"marca-ig-web\" \/><\/span><br \/>\n<\/label>\n<\/p>\n<p><label> Which product would you like to import and in what approximate quantity?<br \/>\n<span class=\"wpcf7-form-control-wrap\" data-name=\"producto-cantidad\"><input size=\"40\" maxlength=\"400\" class=\"wpcf7-form-control wpcf7-text wpcf7-validates-as-required\" aria-required=\"true\" aria-invalid=\"false\" value=\"\" type=\"text\" name=\"producto-cantidad\" \/><\/span><br \/>\n<\/label>\n<\/p>\n<p><span class=\"wpcf7-form-control-wrap\" data-name=\"proveedor\"><span class=\"wpcf7-form-control wpcf7-radio\"><span class=\"wpcf7-list-item first\"><label><input type=\"radio\" name=\"proveedor\" value=\"Ya tengo proveedor propio\" \/><span class=\"wpcf7-list-item-label\">I already have my own supplier<\/span><\/label><\/span><span class=\"wpcf7-list-item\"><label><input type=\"radio\" name=\"proveedor\" value=\"Necesito que ustedes me consigan uno\" \/><span class=\"wpcf7-list-item-label\">I need you to find one for me<\/span><\/label><\/span><span class=\"wpcf7-list-item last\"><label><input type=\"radio\" name=\"proveedor\" value=\"No tengo proveedor, pero tengo una idea clara del producto\" \/><span class=\"wpcf7-list-item-label\">I don\u2019t have a supplier, but I have a clear idea of the product<\/span><\/label><\/span><\/span><\/span>\n<\/p>\n<p><label> Would you like to tell us more about your project or any questions you may have?<br \/>\n<span class=\"wpcf7-form-control-wrap\" data-name=\"your-message\"><textarea cols=\"40\" rows=\"10\" maxlength=\"2000\" class=\"wpcf7-form-control wpcf7-textarea\" aria-invalid=\"false\" name=\"your-message\"><\/textarea><\/span><br \/>\n<\/label>\n<\/p>\n<p><input class=\"wpcf7-form-control wpcf7-submit has-spinner\" type=\"submit\" value=\"Send\" \/>\n<\/p><div class=\"wpcf7-response-output\" aria-hidden=\"true\"><\/div>\n<input type=\"hidden\" name=\"trp-form-language\" value=\"en\"\/><\/form>\n<\/div>\n<\/div>\n\t\t\t\t\t\t<\/div>\n\t\t\t\t\t<\/div>\n\t\t\t\t<\/div>\n\t\t<div class=\"elementor-element elementor-element-257c0476 e-flex e-con-boxed e-con e-parent\" data-id=\"257c0476\" data-element_type=\"container\">\n\t\t\t\t\t<div class=\"e-con-inner\">\n\t\t<div class=\"elementor-element elementor-element-4ef7decd e-con-full e-flex e-con e-child\" data-id=\"4ef7decd\" data-element_type=\"container\">\n\t\t\t\t<div class=\"elementor-element elementor-element-54e3aece elementor-widget elementor-widget-image\" data-id=\"54e3aece\" data-element_type=\"widget\" data-widget_type=\"image.default\">\n\t\t\t\t\t\t\t\t\t\t\t\t\t\t\t\t<a href=\"https:\/\/momafashionbuilder.com\/en\/\">\n\t\t\t\t\t\t\t<img decoding=\"async\" width=\"300\" height=\"300\" src=\"https:\/\/momafashionbuilder.com\/wp-content\/uploads\/2025\/07\/Favicom-moma.png\" class=\"attachment-medium_large size-medium_large wp-image-68\" alt=\"\" srcset=\"https:\/\/momafashionbuilder.com\/wp-content\/uploads\/2025\/07\/Favicom-moma.png 300w, https:\/\/momafashionbuilder.com\/wp-content\/uploads\/2025\/07\/Favicom-moma-100x100.png 100w, https:\/\/momafashionbuilder.com\/wp-content\/uploads\/2025\/07\/Favicom-moma-150x150.png 150w\" sizes=\"(max-width: 300px) 100vw, 300px\" \/>\t\t\t\t\t\t\t\t<\/a>\n\t\t\t\t\t\t\t\t\t\t\t\t\t\t\t<\/div>\n\t\t\t\t<\/div>\n\t\t<div class=\"elementor-element elementor-element-32a3ac79 e-con-full e-flex e-con e-child\" data-id=\"32a3ac79\" data-element_type=\"container\">\n\t\t\t\t<div class=\"elementor-element elementor-element-7ba3c25c elementor-shape-circle e-grid-align-left elementor-grid-0 elementor-widget elementor-widget-social-icons\" data-id=\"7ba3c25c\" data-element_type=\"widget\" data-widget_type=\"social-icons.default\">\n\t\t\t\t\t\t\t<div class=\"elementor-social-icons-wrapper elementor-grid\" role=\"list\">\n\t\t\t\t\t\t\t<span class=\"elementor-grid-item\" role=\"listitem\">\n\t\t\t\t\t<a class=\"elementor-icon elementor-social-icon elementor-social-icon-instagram elementor-repeater-item-5ff6da9\" href=\"https:\/\/www.instagram.com\/momafashionbuilder\/\" target=\"_blank\">\n\t\t\t\t\t\t<span class=\"elementor-screen-only\">https:\/\/www.instagram.com\/momafashionbuilder\/<\/span>\n\t\t\t\t\t\t<svg class=\"e-font-icon-svg e-fab-instagram\" viewbox=\"0 0 448 512\" xmlns=\"http:\/\/www.w3.org\/2000\/svg\"><path d=\"M224.1 141c-63.6 0-114.9 51.3-114.9 114.9s51.3 114.9 114.9 114.9S339 319.5 339 255.9 287.7 141 224.1 141zm0 189.6c-41.1 0-74.7-33.5-74.7-74.7s33.5-74.7 74.7-74.7 74.7 33.5 74.7 74.7-33.6 74.7-74.7 74.7zm146.4-194.3c0 14.9-12 26.8-26.8 26.8-14.9 0-26.8-12-26.8-26.8s12-26.8 26.8-26.8 26.8 12 26.8 26.8zm76.1 27.2c-1.7-35.9-9.9-67.7-36.2-93.9-26.2-26.2-58-34.4-93.9-36.2-37-2.1-147.9-2.1-184.9 0-35.8 1.7-67.6 9.9-93.9 36.1s-34.4 58-36.2 93.9c-2.1 37-2.1 147.9 0 184.9 1.7 35.9 9.9 67.7 36.2 93.9s58 34.4 93.9 36.2c37 2.1 147.9 2.1 184.9 0 35.9-1.7 67.7-9.9 93.9-36.2 26.2-26.2 34.4-58 36.2-93.9 2.1-37 2.1-147.8 0-184.8zM398.8 388c-7.8 19.6-22.9 34.7-42.6 42.6-29.5 11.7-99.5 9-132.1 9s-102.7 2.6-132.1-9c-19.6-7.8-34.7-22.9-42.6-42.6-11.7-29.5-9-99.5-9-132.1s-2.6-102.7 9-132.1c7.8-19.6 22.9-34.7 42.6-42.6 29.5-11.7 99.5-9 132.1-9s102.7-2.6 132.1 9c19.6 7.8 34.7 22.9 42.6 42.6 11.7 29.5 9 99.5 9 132.1s2.7 102.7-9 132.1z\"><\/path><\/svg>\t\t\t\t\t<\/a>\n\t\t\t\t<\/span>\n\t\t\t\t\t\t\t<span class=\"elementor-grid-item\" role=\"listitem\">\n\t\t\t\t\t<a class=\"elementor-icon elementor-social-icon elementor-social-icon-envelope elementor-repeater-item-ecfcc75\" href=\"mailto:info@momafashionbuilder.com\" target=\"_blank\">\n\t\t\t\t\t\t<span class=\"elementor-screen-only\">mailto:info@momafashionbuilder.com<\/span>\n\t\t\t\t\t\t<svg class=\"e-font-icon-svg e-fas-envelope\" viewbox=\"0 0 512 512\" xmlns=\"http:\/\/www.w3.org\/2000\/svg\"><path d=\"M502.3 190.8c3.9-3.1 9.7-.2 9.7 4.7V400c0 26.5-21.5 48-48 48H48c-26.5 0-48-21.5-48-48V195.6c0-5 5.7-7.8 9.7-4.7 22.4 17.4 52.1 39.5 154.1 113.6 21.1 15.4 56.7 47.8 92.2 47.6 35.7.3 72-32.8 92.3-47.6 102-74.1 131.6-96.3 154-113.7zM256 320c23.2.4 56.6-29.2 73.4-41.4 132.7-96.3 142.8-104.7 173.4-128.7 5.8-4.5 9.2-11.5 9.2-18.9v-19c0-26.5-21.5-48-48-48H48C21.5 64 0 85.5 0 112v19c0 7.4 3.4 14.3 9.2 18.9 30.6 23.9 40.7 32.4 173.4 128.7 16.8 12.2 50.2 41.8 73.4 41.4z\"><\/path><\/svg>\t\t\t\t\t<\/a>\n\t\t\t\t<\/span>\n\t\t\t\t\t\t\t<span class=\"elementor-grid-item\" role=\"listitem\">\n\t\t\t\t\t<a class=\"elementor-icon elementor-social-icon elementor-social-icon-whatsapp elementor-repeater-item-cbc72a8\" href=\"https:\/\/wa.link\/usx49b\" target=\"_blank\">\n\t\t\t\t\t\t<span class=\"elementor-screen-only\">https:\/\/wa.link\/usx49b<\/span>\n\t\t\t\t\t\t<svg class=\"e-font-icon-svg e-fab-whatsapp\" viewbox=\"0 0 448 512\" xmlns=\"http:\/\/www.w3.org\/2000\/svg\"><path d=\"M380.9 97.1C339 55.1 283.2 32 223.9 32c-122.4 0-222 99.6-222 222 0 39.1 10.2 77.3 29.6 111L0 480l117.7-30.9c32.4 17.7 68.9 27 106.1 27h.1c122.3 0 224.1-99.6 224.1-222 0-59.3-25.2-115-67.1-157zm-157 341.6c-33.2 0-65.7-8.9-94-25.7l-6.7-4-69.8 18.3L72 359.2l-4.4-7c-18.5-29.4-28.2-63.3-28.2-98.2 0-101.7 82.8-184.5 184.6-184.5 49.3 0 95.6 19.2 130.4 54.1 34.8 34.9 56.2 81.2 56.1 130.5 0 101.8-84.9 184.6-186.6 184.6zm101.2-138.2c-5.5-2.8-32.8-16.2-37.9-18-5.1-1.9-8.8-2.8-12.5 2.8-3.7 5.6-14.3 18-17.6 21.8-3.2 3.7-6.5 4.2-12 1.4-32.6-16.3-54-29.1-75.5-66-5.7-9.8 5.7-9.1 16.3-30.3 1.8-3.7.9-6.9-.5-9.7-1.4-2.8-12.5-30.1-17.1-41.2-4.5-10.8-9.1-9.3-12.5-9.5-3.2-.2-6.9-.2-10.6-.2-3.7 0-9.7 1.4-14.8 6.9-5.1 5.6-19.4 19-19.4 46.3 0 27.3 19.9 53.7 22.6 57.4 2.8 3.7 39.1 59.7 94.8 83.8 35.2 15.2 49 16.5 66.6 13.9 10.7-1.6 32.8-13.4 37.4-26.4 4.6-13 4.6-24.1 3.2-26.4-1.3-2.5-5-3.9-10.5-6.6z\"><\/path><\/svg>\t\t\t\t\t<\/a>\n\t\t\t\t<\/span>\n\t\t\t\t\t<\/div>\n\t\t\t\t\t\t<\/div>\n\t\t\t\t<\/div>\n\t\t\t\t\t<\/div>\n\t\t\t\t<\/div>\n\t\t\t\t<\/div>","protected":false},"excerpt":{"rendered":"<p>IMPORTACI\u00d3N \u00bfQuer\u00e9s importar tu colecci\u00f3n pero no sab\u00e9s por d\u00f3nde empezar? \u00bfTen\u00e9s una idea o un producto definido, pero no quer\u00e9s ocuparte de todo el proceso? Este servicio es ideal para marcas y emprendedores que quieren producir en el exterior sin tener que lidiar con la complejidad de la importaci\u00f3n. Mi equipo importa productos desde [&hellip;]<\/p>","protected":false},"author":2,"featured_media":0,"parent":0,"menu_order":0,"comment_status":"closed","ping_status":"closed","template":"","meta":{"footnotes":""},"class_list":["post-276","page","type-page","status-publish","hentry"],"_links":{"self":[{"href":"http:\/\/momafashionbuilder.com\/en\/wp-json\/wp\/v2\/pages\/276","targetHints":{"allow":["GET"]}}],"collection":[{"href":"http:\/\/momafashionbuilder.com\/en\/wp-json\/wp\/v2\/pages"}],"about":[{"href":"http:\/\/momafashionbuilder.com\/en\/wp-json\/wp\/v2\/types\/page"}],"author":[{"embeddable":true,"href":"http:\/\/momafashionbuilder.com\/en\/wp-json\/wp\/v2\/users\/2"}],"replies":[{"embeddable":true,"href":"http:\/\/momafashionbuilder.com\/en\/wp-json\/wp\/v2\/comments?post=276"}],"version-history":[{"count":46,"href":"http:\/\/momafashionbuilder.com\/en\/wp-json\/wp\/v2\/pages\/276\/revisions"}],"predecessor-version":[{"id":974,"href":"http:\/\/momafashionbuilder.com\/en\/wp-json\/wp\/v2\/pages\/276\/revisions\/974"}],"wp:attachment":[{"href":"http:\/\/momafashionbuilder.com\/en\/wp-json\/wp\/v2\/media?parent=276"}],"curies":[{"name":"wp","href":"https:\/\/api.w.org\/{rel}","templated":true}]}}